{"id":334,"date":"2014-07-28T22:09:20","date_gmt":"2014-07-28T20:09:20","guid":{"rendered":"http:\/\/www.umschlag3.de\/Wordpress_Umschlag\/?page_id=334"},"modified":"2018-06-05T11:49:57","modified_gmt":"2018-06-05T09:49:57","slug":"impressum","status":"publish","type":"page","link":"https:\/\/www.umschlag3.de\/?page_id=334","title":{"rendered":""},"content":{"rendered":"<article data-width=\"510\" data-index=\"1\">\n<div>\n<div>\n<h2><\/h2>\n<h4><strong>Kontakt &amp; Impressum<\/strong><\/h4>\n<p>Angaben gem\u00e4\u00df \u00a7 5 TMG<\/p>\n<p>Mathias Weber<br \/>\nGrafik Illustration Foto<\/p>\n<p>Suebenplatz 7<br \/>\n68526 Ladenburg<\/p>\n<p>Tel. 06203 955944<\/p>\n<p>E-Mail m.weber@umschlag3.de<\/p>\n<p>Haftungshinweis: Trotz sorgf\u00e4ltiger inhaltlicher Kontrolle \u00fcbernehme ich keine Haftung f\u00fcr die Inhalte externer Links. F\u00fcr den Inhalt der verlinkten Seiten sind ausschlie\u00dflich deren Betreiber verantwortlich.<\/p>\n<p>Datenschutzerkl\u00e4rung<br \/>\nDer Schutz Ihrer Privatsph\u00e4re bei der Nutzung meiner Webseite ist mir wichtig. Daher nehmen Sie bitte folgende Informationen zur Kenntnis:<\/p>\n<p>Anonyme Datenerhebung:<br \/>\nSie k\u00f6nnen meine Webseite grunds\u00e4tzlich besuchen, ohne mir mitzuteilen, wer Sie sind. Ich erfahre nur den Namen Ihres Internet Service Providers, die Webseite, von der aus Sie mich besuchen, und die Webseiten, die Sie bei mir besuchen. Diese Informationen werden zu statistischen Zwecken ausgewertet. Sie bleiben als einzelner Nutzer hierbei anonym.<\/p>\n<p>Erhebung und Verarbeitung Personen bezogener Daten:<br \/>\nPersonen bezogene Daten werden auf meiner, der reinen Kundeninformation dienenden Internet-Seiten nicht erhoben.<\/p>\n<p>Export und Verarbeitung der Daten in Staaten au\u00dferhalb des Europ\u00e4ischen Wirtschaftsraumes:<br \/>\nDa keine Personen bezogenen Daten erhoben werden, findet auch kein Export der Daten in Staaten au\u00dferhalb des EWR statt.<\/p>\n<p>Nutzung und Weitergabe Personen bezogener Daten:<br \/>\nDa auf meinen Seiten zum Informationsabruf keine Personen bezogenen Daten erhoben werden, kann auch keine Nutzung und Weitergabe erfolgen.<\/p>\n<p>Externe Links:<br \/>\nZu Ihrer optimalen Information finden Sie auf meinen Seiten Links, die auf Seiten Dritter verweisen. Ich habe keinerlei Einfluss auf den Inhalt und die Gestaltung dieser Seiten anderer Anbieter. Die Garantien dieser Datenschutzerkl\u00e4rung gelten daher selbstverst\u00e4ndlich dort nicht.<\/p>\n<p>Alle Fotos und Illustrationen: Mathias Weber<\/p>\n<\/div>\n<\/div>\n<\/article>\n","protected":false},"excerpt":{"rendered":"<p>Kontakt &amp; Impressum Angaben gem\u00e4\u00df \u00a7 5 TMG Mathias Weber Grafik Illustration Foto Suebenplatz 7 68526 Ladenburg Tel. 06203 955944 E-Mail m.weber@umschlag3.de Haftungshinweis: Trotz sorgf\u00e4ltiger inhaltlicher Kontrolle \u00fcbernehme ich keine Haftung f\u00fcr die Inhalte externer Links. F\u00fcr den Inhalt der verlinkten Seiten sind ausschlie\u00dflich deren Betreiber verantwortlich. Datenschutzerkl\u00e4rung Der Schutz Ihrer Privatsph\u00e4re bei der Nutzung [&hellip;]<\/p>\n","protected":false},"author":1,"featured_media":0,"parent":0,"menu_order":0,"comment_status":"closed","ping_status":"closed","template":"","meta":{"footnotes":""},"class_list":["post-334","page","type-page","status-publish","hentry"],"_links":{"self":[{"href":"https:\/\/www.umschlag3.de\/index.php?rest_route=\/wp\/v2\/pages\/334","targetHints":{"allow":["GET"]}}],"collection":[{"href":"https:\/\/www.umschlag3.de\/index.php?rest_route=\/wp\/v2\/pages"}],"about":[{"href":"https:\/\/www.umschlag3.de\/index.php?rest_route=\/wp\/v2\/types\/page"}],"author":[{"embeddable":true,"href":"https:\/\/www.umschlag3.de\/index.php?rest_route=\/wp\/v2\/users\/1"}],"replies":[{"embeddable":true,"href":"https:\/\/www.umschlag3.de\/index.php?rest_route=%2Fwp%2Fv2%2Fcomments&post=334"}],"version-history":[{"count":10,"href":"https:\/\/www.umschlag3.de\/index.php?rest_route=\/wp\/v2\/pages\/334\/revisions"}],"predecessor-version":[{"id":596,"href":"https:\/\/www.umschlag3.de\/index.php?rest_route=\/wp\/v2\/pages\/334\/revisions\/596"}],"wp:attachment":[{"href":"https:\/\/www.umschlag3.de\/index.php?rest_route=%2Fwp%2Fv2%2Fmedia&parent=334"}],"curies":[{"name":"wp","href":"https:\/\/api.w.org\/{rel}","templated":true}]}}