{"id":367,"date":"2014-07-29T11:45:22","date_gmt":"2014-07-29T09:45:22","guid":{"rendered":"http:\/\/www.umschlag3.de\/Wordpress_Umschlag\/?page_id=367"},"modified":"2018-06-05T11:47:48","modified_gmt":"2018-06-05T09:47:48","slug":"otfried-preussler","status":"publish","type":"page","link":"https:\/\/www.umschlag3.de\/?page_id=367","title":{"rendered":""},"content":{"rendered":"<p>Anl\u00e4sslich seines 50. Geburtstages durfte es der R\u00e4uber Hotzenplotz mal so richtig bunt treiben!<br \/>\nDie schwarz-wei\u00dfen Illustrationen bekamen ein farbiges Gewand. Da durften der kleine Wassermann, die kleine Hexe und das kleine Gespenst nat\u00fcrlich nicht fehlen.<\/p>\n<p>Original-Illustrationen von F.J. Tripp f\u00fcr den R\u00e4uber Hotzenplotz und das kleine Gespenst. Der kleine Wassermann und die kleine Hexe von Winnie Gebhardt. Kolorierung der Originale Mathias Weber. Erschienen im Thienemann Verlag, Stuttgart.<\/p>\n<p>&nbsp;<\/p>\n<p><a href=\"http:\/\/www.umschlag3.de\/wp-content\/uploads\/2014\/07\/MathiasWeber-11.png\"><img loading=\"lazy\" decoding=\"async\" class=\"alignnone wp-image-175 size-full\" src=\"http:\/\/www.umschlag3.de\/wp-content\/uploads\/2014\/07\/MathiasWeber-11.png\" alt=\"MathiasWeber-11\" width=\"1165\" height=\"583\" srcset=\"https:\/\/www.umschlag3.de\/wp-content\/uploads\/2014\/07\/MathiasWeber-11.png 1165w, https:\/\/www.umschlag3.de\/wp-content\/uploads\/2014\/07\/MathiasWeber-11-300x150.png 300w, https:\/\/www.umschlag3.de\/wp-content\/uploads\/2014\/07\/MathiasWeber-11-1024x512.png 1024w\" sizes=\"auto, (max-width: 1165px) 100vw, 1165px\" \/><\/a> <a href=\"http:\/\/www.umschlag3.de\/wp-content\/uploads\/2014\/07\/MathiasWeber-10.png\"><img loading=\"lazy\" decoding=\"async\" class=\"alignnone wp-image-174 size-full\" src=\"http:\/\/www.umschlag3.de\/wp-content\/uploads\/2014\/07\/MathiasWeber-10.png\" alt=\"MathiasWeber-10\" width=\"1165\" height=\"583\" srcset=\"https:\/\/www.umschlag3.de\/wp-content\/uploads\/2014\/07\/MathiasWeber-10.png 1165w, https:\/\/www.umschlag3.de\/wp-content\/uploads\/2014\/07\/MathiasWeber-10-300x150.png 300w, https:\/\/www.umschlag3.de\/wp-content\/uploads\/2014\/07\/MathiasWeber-10-1024x512.png 1024w\" sizes=\"auto, (max-width: 1165px) 100vw, 1165px\" \/><\/a> <a href=\"http:\/\/www.umschlag3.de\/wp-content\/uploads\/2014\/07\/MathiasWeber-9.png\"><img loading=\"lazy\" decoding=\"async\" class=\"alignnone wp-image-173 size-full\" src=\"http:\/\/www.umschlag3.de\/wp-content\/uploads\/2014\/07\/MathiasWeber-9.png\" alt=\"MathiasWeber-9\" width=\"1165\" height=\"583\" srcset=\"https:\/\/www.umschlag3.de\/wp-content\/uploads\/2014\/07\/MathiasWeber-9.png 1165w, https:\/\/www.umschlag3.de\/wp-content\/uploads\/2014\/07\/MathiasWeber-9-300x150.png 300w, https:\/\/www.umschlag3.de\/wp-content\/uploads\/2014\/07\/MathiasWeber-9-1024x512.png 1024w\" sizes=\"auto, (max-width: 1165px) 100vw, 1165px\" \/><\/a> <a href=\"http:\/\/www.umschlag3.de\/wp-content\/uploads\/2014\/07\/MathiasWeber-8.png\"><img loading=\"lazy\" decoding=\"async\" class=\"alignnone wp-image-172 size-full\" src=\"http:\/\/www.umschlag3.de\/wp-content\/uploads\/2014\/07\/MathiasWeber-8.png\" alt=\"MathiasWeber-8\" width=\"1165\" height=\"583\" srcset=\"https:\/\/www.umschlag3.de\/wp-content\/uploads\/2014\/07\/MathiasWeber-8.png 1165w, https:\/\/www.umschlag3.de\/wp-content\/uploads\/2014\/07\/MathiasWeber-8-300x150.png 300w, https:\/\/www.umschlag3.de\/wp-content\/uploads\/2014\/07\/MathiasWeber-8-1024x512.png 1024w\" sizes=\"auto, (max-width: 1165px) 100vw, 1165px\" \/><\/a><\/p>\n","protected":false},"excerpt":{"rendered":"<p>Anl\u00e4sslich seines 50. Geburtstages durfte es der R\u00e4uber Hotzenplotz mal so richtig bunt treiben! Die schwarz-wei\u00dfen Illustrationen bekamen ein farbiges Gewand. Da durften der kleine Wassermann, die kleine Hexe und das kleine Gespenst nat\u00fcrlich nicht fehlen. Original-Illustrationen von F.J. Tripp f\u00fcr den R\u00e4uber Hotzenplotz und das kleine Gespenst. Der kleine Wassermann und die kleine Hexe [&hellip;]<\/p>\n","protected":false},"author":1,"featured_media":368,"parent":0,"menu_order":0,"comment_status":"closed","ping_status":"closed","template":"","meta":{"footnotes":""},"class_list":["post-367","page","type-page","status-publish","has-post-thumbnail","hentry"],"_links":{"self":[{"href":"https:\/\/www.umschlag3.de\/index.php?rest_route=\/wp\/v2\/pages\/367","targetHints":{"allow":["GET"]}}],"collection":[{"href":"https:\/\/www.umschlag3.de\/index.php?rest_route=\/wp\/v2\/pages"}],"about":[{"href":"https:\/\/www.umschlag3.de\/index.php?rest_route=\/wp\/v2\/types\/page"}],"author":[{"embeddable":true,"href":"https:\/\/www.umschlag3.de\/index.php?rest_route=\/wp\/v2\/users\/1"}],"replies":[{"embeddable":true,"href":"https:\/\/www.umschlag3.de\/index.php?rest_route=%2Fwp%2Fv2%2Fcomments&post=367"}],"version-history":[{"count":6,"href":"https:\/\/www.umschlag3.de\/index.php?rest_route=\/wp\/v2\/pages\/367\/revisions"}],"predecessor-version":[{"id":594,"href":"https:\/\/www.umschlag3.de\/index.php?rest_route=\/wp\/v2\/pages\/367\/revisions\/594"}],"wp:featuredmedia":[{"embeddable":true,"href":"https:\/\/www.umschlag3.de\/index.php?rest_route=\/wp\/v2\/media\/368"}],"wp:attachment":[{"href":"https:\/\/www.umschlag3.de\/index.php?rest_route=%2Fwp%2Fv2%2Fmedia&parent=367"}],"curies":[{"name":"wp","href":"https:\/\/api.w.org\/{rel}","templated":true}]}}