{"id":375,"date":"2014-07-29T14:25:15","date_gmt":"2014-07-29T12:25:15","guid":{"rendered":"http:\/\/www.umschlag3.de\/Wordpress_Umschlag\/?page_id=375"},"modified":"2018-06-05T11:48:06","modified_gmt":"2018-06-05T09:48:06","slug":"verlage","status":"publish","type":"page","link":"https:\/\/www.umschlag3.de\/?page_id=375","title":{"rendered":""},"content":{"rendered":"<p>In den letzten 15 Jahren entstanden mittlerweile rund 50 B\u00fccher f\u00fcr die unterschiedlichsten Verlage und zu den unterschiedlichsten Themen. Ganz gro\u00dfen Anteil haben da nat\u00fcrlich die Jim Knopf Bilderb\u00fccher, sowie die Kolorierung der Kinderbuchklassiker von Otfried Preu\u00dfler beim Thienemann Verlag, welche ja auch auf dieser Homepage einen extra Platz bekommen haben. Aber daneben gab und gibt es auch weitere sch\u00f6ne Projekte zu den verschiedensten Themen, wie z.B Tiergeschichten, Bibelkalender, Schulb\u00fccher, B\u00fccher mit historischen Hintergrund, Spiele-B\u00fccher und\u00a0 Jugendb\u00fccher.<\/p>\n<p><a href=\"http:\/\/www.umschlag3.de\/wp-content\/uploads\/2014\/07\/MathiasWeber-3.png\"><img loading=\"lazy\" decoding=\"async\" class=\"alignright wp-image-167 size-full\" src=\"http:\/\/www.umschlag3.de\/wp-content\/uploads\/2014\/07\/MathiasWeber-3.png\" alt=\"MathiasWeber-3\" width=\"1165\" height=\"583\" srcset=\"https:\/\/www.umschlag3.de\/wp-content\/uploads\/2014\/07\/MathiasWeber-3.png 1165w, https:\/\/www.umschlag3.de\/wp-content\/uploads\/2014\/07\/MathiasWeber-3-300x150.png 300w, https:\/\/www.umschlag3.de\/wp-content\/uploads\/2014\/07\/MathiasWeber-3-1024x512.png 1024w\" sizes=\"auto, (max-width: 1165px) 100vw, 1165px\" \/><\/a> <a href=\"http:\/\/www.umschlag3.de\/wp-content\/uploads\/2014\/07\/MathiasWeber-4.png\"><img loading=\"lazy\" decoding=\"async\" class=\"alignright wp-image-168 size-full\" src=\"http:\/\/www.umschlag3.de\/wp-content\/uploads\/2014\/07\/MathiasWeber-4.png\" alt=\"MathiasWeber-4\" width=\"1165\" height=\"583\" srcset=\"https:\/\/www.umschlag3.de\/wp-content\/uploads\/2014\/07\/MathiasWeber-4.png 1165w, https:\/\/www.umschlag3.de\/wp-content\/uploads\/2014\/07\/MathiasWeber-4-300x150.png 300w, https:\/\/www.umschlag3.de\/wp-content\/uploads\/2014\/07\/MathiasWeber-4-1024x512.png 1024w\" sizes=\"auto, (max-width: 1165px) 100vw, 1165px\" \/><\/a> <a href=\"http:\/\/www.umschlag3.de\/wp-content\/uploads\/2014\/07\/MathiasWeber-5.png\"><img loading=\"lazy\" decoding=\"async\" class=\"alignright wp-image-169 size-full\" src=\"http:\/\/www.umschlag3.de\/wp-content\/uploads\/2014\/07\/MathiasWeber-5.png\" alt=\"MathiasWeber-5\" width=\"1165\" height=\"583\" srcset=\"https:\/\/www.umschlag3.de\/wp-content\/uploads\/2014\/07\/MathiasWeber-5.png 1165w, https:\/\/www.umschlag3.de\/wp-content\/uploads\/2014\/07\/MathiasWeber-5-300x150.png 300w, https:\/\/www.umschlag3.de\/wp-content\/uploads\/2014\/07\/MathiasWeber-5-1024x512.png 1024w\" sizes=\"auto, (max-width: 1165px) 100vw, 1165px\" \/><\/a> <a href=\"http:\/\/www.umschlag3.de\/wp-content\/uploads\/2014\/07\/MathiasWeber-6.png\"><img loading=\"lazy\" decoding=\"async\" class=\"alignright wp-image-170 size-full\" src=\"http:\/\/www.umschlag3.de\/wp-content\/uploads\/2014\/07\/MathiasWeber-6.png\" alt=\"MathiasWeber-6\" width=\"1165\" height=\"583\" srcset=\"https:\/\/www.umschlag3.de\/wp-content\/uploads\/2014\/07\/MathiasWeber-6.png 1165w, https:\/\/www.umschlag3.de\/wp-content\/uploads\/2014\/07\/MathiasWeber-6-300x150.png 300w, https:\/\/www.umschlag3.de\/wp-content\/uploads\/2014\/07\/MathiasWeber-6-1024x512.png 1024w\" sizes=\"auto, (max-width: 1165px) 100vw, 1165px\" \/><\/a> <a href=\"http:\/\/www.umschlag3.de\/wp-content\/uploads\/2014\/07\/MathiasWeber-7.png\"><img loading=\"lazy\" decoding=\"async\" class=\"alignright wp-image-171 size-full\" src=\"http:\/\/www.umschlag3.de\/wp-content\/uploads\/2014\/07\/MathiasWeber-7.png\" alt=\"MathiasWeber-7\" width=\"1165\" height=\"583\" srcset=\"https:\/\/www.umschlag3.de\/wp-content\/uploads\/2014\/07\/MathiasWeber-7.png 1165w, https:\/\/www.umschlag3.de\/wp-content\/uploads\/2014\/07\/MathiasWeber-7-300x150.png 300w, https:\/\/www.umschlag3.de\/wp-content\/uploads\/2014\/07\/MathiasWeber-7-1024x512.png 1024w\" sizes=\"auto, (max-width: 1165px) 100vw, 1165px\" \/><\/a> <a href=\"http:\/\/www.umschlag3.de\/wp-content\/uploads\/2014\/07\/MathiasWeber-8.png\"><img loading=\"lazy\" decoding=\"async\" class=\"alignright wp-image-172 size-full\" src=\"http:\/\/www.umschlag3.de\/wp-content\/uploads\/2014\/07\/MathiasWeber-8.png\" alt=\"MathiasWeber-8\" width=\"1165\" height=\"583\" srcset=\"https:\/\/www.umschlag3.de\/wp-content\/uploads\/2014\/07\/MathiasWeber-8.png 1165w, https:\/\/www.umschlag3.de\/wp-content\/uploads\/2014\/07\/MathiasWeber-8-300x150.png 300w, https:\/\/www.umschlag3.de\/wp-content\/uploads\/2014\/07\/MathiasWeber-8-1024x512.png 1024w\" sizes=\"auto, (max-width: 1165px) 100vw, 1165px\" \/><\/a> <a href=\"http:\/\/www.umschlag3.de\/wp-content\/uploads\/2014\/07\/MathiasWeber-9.png\"><img loading=\"lazy\" decoding=\"async\" class=\"alignright wp-image-173 size-full\" src=\"http:\/\/www.umschlag3.de\/wp-content\/uploads\/2014\/07\/MathiasWeber-9.png\" alt=\"MathiasWeber-9\" width=\"1165\" height=\"583\" srcset=\"https:\/\/www.umschlag3.de\/wp-content\/uploads\/2014\/07\/MathiasWeber-9.png 1165w, https:\/\/www.umschlag3.de\/wp-content\/uploads\/2014\/07\/MathiasWeber-9-300x150.png 300w, https:\/\/www.umschlag3.de\/wp-content\/uploads\/2014\/07\/MathiasWeber-9-1024x512.png 1024w\" sizes=\"auto, (max-width: 1165px) 100vw, 1165px\" \/><\/a> <a href=\"http:\/\/www.umschlag3.de\/wp-content\/uploads\/2014\/07\/MathiasWeber-10.png\"><img loading=\"lazy\" decoding=\"async\" class=\"alignright wp-image-174 size-full\" src=\"http:\/\/www.umschlag3.de\/wp-content\/uploads\/2014\/07\/MathiasWeber-10.png\" alt=\"MathiasWeber-10\" width=\"1165\" height=\"583\" srcset=\"https:\/\/www.umschlag3.de\/wp-content\/uploads\/2014\/07\/MathiasWeber-10.png 1165w, https:\/\/www.umschlag3.de\/wp-content\/uploads\/2014\/07\/MathiasWeber-10-300x150.png 300w, https:\/\/www.umschlag3.de\/wp-content\/uploads\/2014\/07\/MathiasWeber-10-1024x512.png 1024w\" sizes=\"auto, (max-width: 1165px) 100vw, 1165px\" \/><\/a> <a href=\"http:\/\/www.umschlag3.de\/wp-content\/uploads\/2014\/07\/MathiasWeber-11.png\"><img loading=\"lazy\" decoding=\"async\" class=\"alignright wp-image-175 size-full\" src=\"http:\/\/www.umschlag3.de\/wp-content\/uploads\/2014\/07\/MathiasWeber-11.png\" alt=\"MathiasWeber-11\" width=\"1165\" height=\"583\" srcset=\"https:\/\/www.umschlag3.de\/wp-content\/uploads\/2014\/07\/MathiasWeber-11.png 1165w, https:\/\/www.umschlag3.de\/wp-content\/uploads\/2014\/07\/MathiasWeber-11-300x150.png 300w, https:\/\/www.umschlag3.de\/wp-content\/uploads\/2014\/07\/MathiasWeber-11-1024x512.png 1024w\" sizes=\"auto, (max-width: 1165px) 100vw, 1165px\" \/><\/a> <a href=\"http:\/\/www.umschlag3.de\/wp-content\/uploads\/2014\/07\/MathiasWeber-12.png\"><img loading=\"lazy\" decoding=\"async\" class=\"alignright wp-image-176 size-full\" src=\"http:\/\/www.umschlag3.de\/wp-content\/uploads\/2014\/07\/MathiasWeber-12.png\" alt=\"MathiasWeber-12\" width=\"1165\" height=\"583\" srcset=\"https:\/\/www.umschlag3.de\/wp-content\/uploads\/2014\/07\/MathiasWeber-12.png 1165w, https:\/\/www.umschlag3.de\/wp-content\/uploads\/2014\/07\/MathiasWeber-12-300x150.png 300w, https:\/\/www.umschlag3.de\/wp-content\/uploads\/2014\/07\/MathiasWeber-12-1024x512.png 1024w\" sizes=\"auto, (max-width: 1165px) 100vw, 1165px\" \/><\/a> <a href=\"http:\/\/www.umschlag3.de\/wp-content\/uploads\/2014\/07\/MathiasWeber-13.png\"><img loading=\"lazy\" decoding=\"async\" class=\"alignright wp-image-177 size-full\" src=\"http:\/\/www.umschlag3.de\/wp-content\/uploads\/2014\/07\/MathiasWeber-13.png\" alt=\"MathiasWeber-13\" width=\"1165\" height=\"583\" srcset=\"https:\/\/www.umschlag3.de\/wp-content\/uploads\/2014\/07\/MathiasWeber-13.png 1165w, https:\/\/www.umschlag3.de\/wp-content\/uploads\/2014\/07\/MathiasWeber-13-300x150.png 300w, https:\/\/www.umschlag3.de\/wp-content\/uploads\/2014\/07\/MathiasWeber-13-1024x512.png 1024w\" sizes=\"auto, (max-width: 1165px) 100vw, 1165px\" \/><\/a> <a href=\"http:\/\/www.umschlag3.de\/wp-content\/uploads\/2014\/07\/MathiasWeber-14.png\"><img loading=\"lazy\" decoding=\"async\" class=\"alignright wp-image-178 size-full\" src=\"http:\/\/www.umschlag3.de\/wp-content\/uploads\/2014\/07\/MathiasWeber-14.png\" alt=\"MathiasWeber-14\" width=\"1165\" height=\"583\" srcset=\"https:\/\/www.umschlag3.de\/wp-content\/uploads\/2014\/07\/MathiasWeber-14.png 1165w, https:\/\/www.umschlag3.de\/wp-content\/uploads\/2014\/07\/MathiasWeber-14-300x150.png 300w, https:\/\/www.umschlag3.de\/wp-content\/uploads\/2014\/07\/MathiasWeber-14-1024x512.png 1024w\" sizes=\"auto, (max-width: 1165px) 100vw, 1165px\" \/><\/a> <a href=\"http:\/\/www.umschlag3.de\/wp-content\/uploads\/2014\/07\/MathiasWeber-15.png\"><img loading=\"lazy\" decoding=\"async\" class=\"alignright wp-image-179 size-full\" src=\"http:\/\/www.umschlag3.de\/wp-content\/uploads\/2014\/07\/MathiasWeber-15.png\" alt=\"MathiasWeber-15\" width=\"1165\" height=\"583\" srcset=\"https:\/\/www.umschlag3.de\/wp-content\/uploads\/2014\/07\/MathiasWeber-15.png 1165w, https:\/\/www.umschlag3.de\/wp-content\/uploads\/2014\/07\/MathiasWeber-15-300x150.png 300w, https:\/\/www.umschlag3.de\/wp-content\/uploads\/2014\/07\/MathiasWeber-15-1024x512.png 1024w\" sizes=\"auto, (max-width: 1165px) 100vw, 1165px\" \/><\/a> <a href=\"http:\/\/www.umschlag3.de\/wp-content\/uploads\/2014\/07\/MathiasWeber-16.png\"><img loading=\"lazy\" decoding=\"async\" class=\"alignright wp-image-180 size-full\" src=\"http:\/\/www.umschlag3.de\/wp-content\/uploads\/2014\/07\/MathiasWeber-16.png\" alt=\"MathiasWeber-16\" width=\"1165\" height=\"583\" srcset=\"https:\/\/www.umschlag3.de\/wp-content\/uploads\/2014\/07\/MathiasWeber-16.png 1165w, https:\/\/www.umschlag3.de\/wp-content\/uploads\/2014\/07\/MathiasWeber-16-300x150.png 300w, https:\/\/www.umschlag3.de\/wp-content\/uploads\/2014\/07\/MathiasWeber-16-1024x512.png 1024w\" sizes=\"auto, (max-width: 1165px) 100vw, 1165px\" \/><\/a> <a href=\"http:\/\/www.umschlag3.de\/wp-content\/uploads\/2014\/07\/MathiasWeber-17.png\"><img loading=\"lazy\" decoding=\"async\" class=\"alignright wp-image-181 size-full\" src=\"http:\/\/www.umschlag3.de\/wp-content\/uploads\/2014\/07\/MathiasWeber-17.png\" alt=\"MathiasWeber-17\" width=\"1165\" height=\"583\" srcset=\"https:\/\/www.umschlag3.de\/wp-content\/uploads\/2014\/07\/MathiasWeber-17.png 1165w, https:\/\/www.umschlag3.de\/wp-content\/uploads\/2014\/07\/MathiasWeber-17-300x150.png 300w, https:\/\/www.umschlag3.de\/wp-content\/uploads\/2014\/07\/MathiasWeber-17-1024x512.png 1024w\" sizes=\"auto, (max-width: 1165px) 100vw, 1165px\" \/><\/a> <a href=\"http:\/\/www.umschlag3.de\/wp-content\/uploads\/2014\/07\/MathiasWeber-18.png\"><img loading=\"lazy\" decoding=\"async\" class=\"alignright wp-image-182 size-full\" src=\"http:\/\/www.umschlag3.de\/wp-content\/uploads\/2014\/07\/MathiasWeber-18.png\" alt=\"MathiasWeber-18\" width=\"1165\" height=\"583\" srcset=\"https:\/\/www.umschlag3.de\/wp-content\/uploads\/2014\/07\/MathiasWeber-18.png 1165w, https:\/\/www.umschlag3.de\/wp-content\/uploads\/2014\/07\/MathiasWeber-18-300x150.png 300w, https:\/\/www.umschlag3.de\/wp-content\/uploads\/2014\/07\/MathiasWeber-18-1024x512.png 1024w\" sizes=\"auto, (max-width: 1165px) 100vw, 1165px\" \/><\/a><\/p>\n","protected":false},"excerpt":{"rendered":"<p>In den letzten 15 Jahren entstanden mittlerweile rund 50 B\u00fccher f\u00fcr die unterschiedlichsten Verlage und zu den unterschiedlichsten Themen. Ganz gro\u00dfen Anteil haben da nat\u00fcrlich die Jim Knopf Bilderb\u00fccher, sowie die Kolorierung der Kinderbuchklassiker von Otfried Preu\u00dfler beim Thienemann Verlag, welche ja auch auf dieser Homepage einen extra Platz bekommen haben. Aber daneben gab und [&hellip;]<\/p>\n","protected":false},"author":1,"featured_media":391,"parent":0,"menu_order":0,"comment_status":"closed","ping_status":"closed","template":"","meta":{"footnotes":""},"class_list":["post-375","page","type-page","status-publish","has-post-thumbnail","hentry"],"_links":{"self":[{"href":"https:\/\/www.umschlag3.de\/index.php?rest_route=\/wp\/v2\/pages\/375","targetHints":{"allow":["GET"]}}],"collection":[{"href":"https:\/\/www.umschlag3.de\/index.php?rest_route=\/wp\/v2\/pages"}],"about":[{"href":"https:\/\/www.umschlag3.de\/index.php?rest_route=\/wp\/v2\/types\/page"}],"author":[{"embeddable":true,"href":"https:\/\/www.umschlag3.de\/index.php?rest_route=\/wp\/v2\/users\/1"}],"replies":[{"embeddable":true,"href":"https:\/\/www.umschlag3.de\/index.php?rest_route=%2Fwp%2Fv2%2Fcomments&post=375"}],"version-history":[{"count":9,"href":"https:\/\/www.umschlag3.de\/index.php?rest_route=\/wp\/v2\/pages\/375\/revisions"}],"predecessor-version":[{"id":595,"href":"https:\/\/www.umschlag3.de\/index.php?rest_route=\/wp\/v2\/pages\/375\/revisions\/595"}],"wp:featuredmedia":[{"embeddable":true,"href":"https:\/\/www.umschlag3.de\/index.php?rest_route=\/wp\/v2\/media\/391"}],"wp:attachment":[{"href":"https:\/\/www.umschlag3.de\/index.php?rest_route=%2Fwp%2Fv2%2Fmedia&parent=375"}],"curies":[{"name":"wp","href":"https:\/\/api.w.org\/{rel}","templated":true}]}}