{"id":89,"date":"2014-07-24T15:22:31","date_gmt":"2014-07-24T13:22:31","guid":{"rendered":"http:\/\/www.umschlag3.de\/?page_id=89"},"modified":"2018-06-05T11:44:11","modified_gmt":"2018-06-05T09:44:11","slug":"ueber-mich","status":"publish","type":"page","link":"https:\/\/www.umschlag3.de\/?page_id=89","title":{"rendered":""},"content":{"rendered":"<h4 style=\"text-align: justify;\"><strong>Astronaut? Kehrmaschinenfahr<\/strong><strong>er? <\/strong><br \/>\n<strong>Oder doch lieber Rockstar?<\/strong><\/h4>\n<p style=\"text-align: justify;\">Eigentlich wollte ich als Kind Astronaut oder Kehrmaschinenfahrer werden. Zumindest aber Rockstar. Nun im Nachhinein bin ich ganz froh, dass keiner meiner fr\u00fcheren Pl\u00e4ne geklappt hat, sondern dass ich stattdessen das Gl\u00fcck habe, Kinderb\u00fccher zu illustrieren. So kann ich abwechselnd mal ein Lokomotivf\u00fchrer, ein R\u00e4uber oder R\u00f6mer, allerlei Tiere und wer wei\u00df, vielleicht auch mal ein Astronaut oder Rockstar sein.<\/p>\n<p style=\"text-align: justify;\">So entstanden in den letzten 15 Jahre rund 50 B\u00fccher f\u00fcr die unterschiedlichsten Verlage wie z.B. den Thienemann-Esslinger Verlag, den Ellermann Verlag, Annette Betz und Ueberreuter aus Wien oder den Ravensburger Verlag. Neben dem Zeichnen, Malen und Ausmalen f\u00fcr Verlage habe ich auch stets frei gearbeitet, Sachen und Techniken ausprobiert. Eine kleine Auswahl meiner freien Arbeiten, der Bilder- und Kinderb\u00fccher,\u00a0sowie \u00fcber Technik und Materialien m\u00f6chte ich Ihnen nun auf den folgenden Seiten zeigen.<\/p>\n<p style=\"text-align: justify;\">Auf den nachfolgenden Seiten k\u00f6nnen Sie ebenso sehen wie ein Bilderbuch entsteht und erfahren wie das, Herr Oberwachtmeister Dimpfelmoser w\u00fcrde sagen, \u201evon amtswegen befugte Ausmalen des R\u00e4ubers Hotzenplotz\u201c vor sich geht.<\/p>\n<p style=\"text-align: justify;\">Aber warum nun umschlag3?<\/p>\n<p style=\"text-align: justify;\">Als ich auf der Suche nache einer Adresse f\u00fcr meine Homepage war und feststellen musste, da\u00df eigentlich so ziemlich alles schon vergeben war, erinnerte ich mich an eine Sendung aus meiner Jugend, welche ich immer gerne anschaute. &#8222;Der gro\u00dfe Preis&#8220; mit Wim Thoelke und seinen drei Kandidaten, welche zum Schlu\u00df immer Fragen zu ihrem Spezialgebiet beantworten mussten. Dazu hatten sie die Wahl zwischen &#8222;Umschlag 1, 2 oder 3&#8220; Seltsamerweise wurde meistens der Umschlag 3 gew\u00e4hlt. So kam die Homepage zu ihrem Namen.<\/p>\n","protected":false},"excerpt":{"rendered":"<p>Astronaut? Kehrmaschinenfahrer? Oder doch lieber Rockstar? Eigentlich wollte ich als Kind Astronaut oder Kehrmaschinenfahrer werden. Zumindest aber Rockstar. Nun im Nachhinein bin ich ganz froh, dass keiner meiner fr\u00fcheren Pl\u00e4ne geklappt hat, sondern dass ich stattdessen das Gl\u00fcck habe, Kinderb\u00fccher zu illustrieren. So kann ich abwechselnd mal ein Lokomotivf\u00fchrer, ein R\u00e4uber oder R\u00f6mer, allerlei Tiere [&hellip;]<\/p>\n","protected":false},"author":1,"featured_media":96,"parent":0,"menu_order":0,"comment_status":"closed","ping_status":"closed","template":"","meta":{"footnotes":""},"class_list":["post-89","page","type-page","status-publish","has-post-thumbnail","hentry"],"_links":{"self":[{"href":"https:\/\/www.umschlag3.de\/index.php?rest_route=\/wp\/v2\/pages\/89","targetHints":{"allow":["GET"]}}],"collection":[{"href":"https:\/\/www.umschlag3.de\/index.php?rest_route=\/wp\/v2\/pages"}],"about":[{"href":"https:\/\/www.umschlag3.de\/index.php?rest_route=\/wp\/v2\/types\/page"}],"author":[{"embeddable":true,"href":"https:\/\/www.umschlag3.de\/index.php?rest_route=\/wp\/v2\/users\/1"}],"replies":[{"embeddable":true,"href":"https:\/\/www.umschlag3.de\/index.php?rest_route=%2Fwp%2Fv2%2Fcomments&post=89"}],"version-history":[{"count":15,"href":"https:\/\/www.umschlag3.de\/index.php?rest_route=\/wp\/v2\/pages\/89\/revisions"}],"predecessor-version":[{"id":588,"href":"https:\/\/www.umschlag3.de\/index.php?rest_route=\/wp\/v2\/pages\/89\/revisions\/588"}],"wp:featuredmedia":[{"embeddable":true,"href":"https:\/\/www.umschlag3.de\/index.php?rest_route=\/wp\/v2\/media\/96"}],"wp:attachment":[{"href":"https:\/\/www.umschlag3.de\/index.php?rest_route=%2Fwp%2Fv2%2Fmedia&parent=89"}],"curies":[{"name":"wp","href":"https:\/\/api.w.org\/{rel}","templated":true}]}}